{"id":7552,"date":"2024-10-04T21:50:07","date_gmt":"2024-10-04T21:50:07","guid":{"rendered":"https:\/\/taae.sinergiacomunicacion.com\/?page_id=7552"},"modified":"2024-10-07T17:18:20","modified_gmt":"2024-10-07T17:18:20","slug":"eventos-pasados","status":"publish","type":"page","link":"https:\/\/taaeatea.net\/index.php\/es\/eventos-pasados\/","title":{"rendered":"Eventos Pasados"},"content":{"rendered":"\t\t<div data-elementor-type=\"wp-page\" data-elementor-id=\"7552\" class=\"elementor elementor-7552\">\n\t\t\t\t\t\t<section class=\"elementor-section elementor-top-section elementor-element elementor-element-5a48c79 elementor-section-full_width elementor-section-height-min-height elementor-section-height-default elementor-section-items-middle\" data-id=\"5a48c79\" data-element_type=\"section\" data-settings=\"{&quot;background_background&quot;:&quot;classic&quot;}\">\n\t\t\t\t\t\t<div class=\"elementor-container elementor-column-gap-default\">\n\t\t\t\t\t<div class=\"elementor-column elementor-col-100 elementor-top-column elementor-element elementor-element-fa2c12f\" data-id=\"fa2c12f\" data-element_type=\"column\" data-settings=\"{&quot;background_background&quot;:&quot;classic&quot;}\">\n\t\t\t<div class=\"elementor-widget-wrap\">\n\t\t\t\t\t\t\t<\/div>\n\t\t<\/div>\n\t\t\t\t\t<\/div>\n\t\t<\/section>\n\t\t\t\t<section class=\"elementor-section elementor-top-section elementor-element elementor-element-b1fbba9 elementor-section-full_width elementor-section-height-default elementor-section-height-default\" data-id=\"b1fbba9\" data-element_type=\"section\">\n\t\t\t\t\t\t<div class=\"elementor-container elementor-column-gap-default\">\n\t\t\t\t\t<div class=\"elementor-column elementor-col-100 elementor-top-column elementor-element elementor-element-99124a7\" data-id=\"99124a7\" data-element_type=\"column\">\n\t\t\t<div class=\"elementor-widget-wrap elementor-element-populated\">\n\t\t\t\t\t\t<div class=\"elementor-element elementor-element-ee38d1c elementor-widget elementor-widget-kahlo_core_events_list\" data-id=\"ee38d1c\" data-element_type=\"widget\" data-widget_type=\"kahlo_core_events_list.default\">\n\t\t\t\t<div class=\"elementor-widget-container\">\n\t\t\t\t\t<div class=\"qodef-shortcode qodef-m  qodef-events-list qodef-item-layout--info-top qodef-grid qodef-layout--masonry  qodef-gutter--medium  qodef-col-num--3 qodef-item-layout--info-top qodef-pagination--off qodef-responsive--custom qodef-col-num--1512--2 qodef-col-num--1440--2 qodef-col-num--1366--2 qodef-col-num--1024--2 qodef-col-num--768--2 qodef-col-num--680--1 qodef-col-num--480--1\"  data-options=\"{&quot;plugin&quot;:&quot;kahlo_core&quot;,&quot;module&quot;:&quot;post-types\\\/events\\\/shortcodes&quot;,&quot;shortcode&quot;:&quot;events-list&quot;,&quot;post_type&quot;:&quot;event-item&quot;,&quot;next_page&quot;:&quot;2&quot;,&quot;max_pages_num&quot;:1,&quot;behavior&quot;:&quot;masonry&quot;,&quot;columns&quot;:&quot;3&quot;,&quot;columns_responsive&quot;:&quot;custom&quot;,&quot;columns_1512&quot;:&quot;2&quot;,&quot;columns_1440&quot;:&quot;2&quot;,&quot;columns_1366&quot;:&quot;2&quot;,&quot;columns_1024&quot;:&quot;2&quot;,&quot;columns_768&quot;:&quot;2&quot;,&quot;columns_680&quot;:&quot;1&quot;,&quot;columns_480&quot;:&quot;1&quot;,&quot;space&quot;:&quot;medium&quot;,&quot;indent_slider&quot;:&quot;no&quot;,&quot;posts_per_page&quot;:&quot;11&quot;,&quot;orderby&quot;:&quot;date&quot;,&quot;order&quot;:&quot;DESC&quot;,&quot;additional_params&quot;:&quot;tax&quot;,&quot;tax&quot;:&quot;event-types&quot;,&quot;tax_slug&quot;:&quot;eventos&quot;,&quot;layout&quot;:&quot;info-top&quot;,&quot;title_tag&quot;:&quot;h4&quot;,&quot;show_location&quot;:&quot;no&quot;,&quot;show_event_types&quot;:&quot;yes&quot;,&quot;enable_top_info&quot;:&quot;yes&quot;,&quot;top_info_title_tag&quot;:&quot;h4&quot;,&quot;top_info_more_target&quot;:&quot;_self&quot;,&quot;full_width_filter&quot;:&quot;no&quot;,&quot;pagination_type&quot;:&quot;no-pagination&quot;,&quot;enable_appear&quot;:&quot;no&quot;,&quot;object_class_name&quot;:&quot;KahloCore_Events_List_Shortcode&quot;,&quot;taxonomy_filter&quot;:&quot;event-types&quot;,&quot;additional_query_args&quot;:{&quot;tax_query&quot;:[{&quot;taxonomy&quot;:&quot;event-types&quot;,&quot;field&quot;:&quot;slug&quot;,&quot;terms&quot;:&quot;eventos&quot;}]},&quot;holder_outer_classes&quot;:&quot;qodef-events-list-outer &quot;,&quot;holder_styles&quot;:[],&quot;top_info_styles&quot;:[],&quot;item_classes&quot;:&quot;qodef-e qodef-grid-item  &quot;,&quot;space_value&quot;:40}\">\n\t\t<div class=\"qodef-m-top-info\" >\n\t\t<div class=\"qodef-title-inner\">\n\t\t\t\t\t<\/div>\n\n\t\t\t<\/div>\n\t<div class=\"qodef-grid-inner\">\n\t\t\t<div class=\"qodef-grid-masonry-sizer\"><\/div>\n<div class=\"qodef-e qodef-grid-item  \">\n\t<div class=\"qodef-e-inner\">\n\t\t<div class=\"qodef-e-info\">\n\t\t\t\t<span class=\"qodef-e-date-info\">\n\t\t\n\t\t\t\t\t<span class=\"qodef-e-date qodef-e-end\">\n\t\t\t19. Jan. 2024\t\t<\/span>\n\t\t\t<\/span>\n\t\t\t\t\t\t\t\t<\/div>\n\t\t\t<div class=\"qodef-e-media-image\">\n\t\t<a itemprop=\"url\" href=\"https:\/\/taaeatea.net\/index.php\/event-item\/reimaginando-el-centro-civico\/\" class=\"qodef-e-event-image-link\">\n\t\t\t<img fetchpriority=\"high\" decoding=\"async\" width=\"1750\" height=\"1167\" src=\"https:\/\/taaeatea.net\/wp-content\/uploads\/2024\/09\/CIVIC-CENTER.webp\" class=\"attachment-full size-full\" alt=\"\" srcset=\"https:\/\/taaeatea.net\/wp-content\/uploads\/2024\/09\/CIVIC-CENTER.webp 1750w, https:\/\/taaeatea.net\/wp-content\/uploads\/2024\/09\/CIVIC-CENTER-300x200.webp 300w, https:\/\/taaeatea.net\/wp-content\/uploads\/2024\/09\/CIVIC-CENTER-1024x683.webp 1024w, https:\/\/taaeatea.net\/wp-content\/uploads\/2024\/09\/CIVIC-CENTER-768x512.webp 768w, https:\/\/taaeatea.net\/wp-content\/uploads\/2024\/09\/CIVIC-CENTER-1536x1024.webp 1536w, https:\/\/taaeatea.net\/wp-content\/uploads\/2024\/09\/CIVIC-CENTER-600x400.webp 600w\" sizes=\"(max-width: 1750px) 100vw, 1750px\" \/>\t\t<\/a>\n\t<\/div>\n\t\t<div class=\"qodef-e-event-list-bottom-holder\">\n            <div class=\"qodef-e-heading\">\n                <h4 itemprop=\"name\" class=\"qodef-e-title entry-title\" >\n\t<a itemprop=\"url\" class=\"qodef-e-title-link\" href=\"https:\/\/taaeatea.net\/index.php\/event-item\/reimaginando-el-centro-civico\/\">\n\t\tReimaginando el Centro C\u00edvico\t<\/a>\n<\/h4>\n            <\/div>\n            \t\t<div class=\"qodef-e qodef-info--event-types\">\n\t\t\t\t\t\t\t<a itemprop=\"url\" class=\"qodef-e-info-content-link\" href=\"https:\/\/taaeatea.net\/index.php\/event-types\/eventos\/\">eventos<\/a>\n\t\t\t\t\t<\/div>\n\t        <\/div>\n\t<\/div>\n<\/div>\n<div class=\"qodef-e qodef-grid-item  \">\n\t<div class=\"qodef-e-inner\">\n\t\t<div class=\"qodef-e-info\">\n\t\t\t\t<span class=\"qodef-e-date-info\">\n\t\t\t\t<span class=\"qodef-e-date qodef-e-start\">\n\t\t\t23. May\t\t<\/span>\n\t\t\n\t\t\t\t\t<span class=\"qodef-e-date qodef-e-end\">\n\t\t\t29. Jul. 2024\t\t<\/span>\n\t\t\t<\/span>\n\t\t\t\t\t\t\t\t<\/div>\n\t\t\t<div class=\"qodef-e-media-image\">\n\t\t<a itemprop=\"url\" href=\"https:\/\/taaeatea.net\/index.php\/event-item\/unidad-a-traves-del-diseno-la-colaboracion-en-el-diseno-del-pabellon\/\" class=\"qodef-e-event-image-link\">\n\t\t\t<img decoding=\"async\" width=\"2560\" height=\"1707\" src=\"https:\/\/taaeatea.net\/wp-content\/uploads\/2024\/09\/Foto-3-scaled.webp\" class=\"attachment-full size-full\" alt=\"\" srcset=\"https:\/\/taaeatea.net\/wp-content\/uploads\/2024\/09\/Foto-3-scaled.webp 2560w, https:\/\/taaeatea.net\/wp-content\/uploads\/2024\/09\/Foto-3-300x200.webp 300w, https:\/\/taaeatea.net\/wp-content\/uploads\/2024\/09\/Foto-3-1024x683.webp 1024w, https:\/\/taaeatea.net\/wp-content\/uploads\/2024\/09\/Foto-3-768x512.webp 768w, https:\/\/taaeatea.net\/wp-content\/uploads\/2024\/09\/Foto-3-1536x1024.webp 1536w, https:\/\/taaeatea.net\/wp-content\/uploads\/2024\/09\/Foto-3-2048x1365.webp 2048w, https:\/\/taaeatea.net\/wp-content\/uploads\/2024\/09\/Foto-3-600x400.webp 600w\" sizes=\"(max-width: 2560px) 100vw, 2560px\" \/>\t\t<\/a>\n\t<\/div>\n\t\t<div class=\"qodef-e-event-list-bottom-holder\">\n            <div class=\"qodef-e-heading\">\n                <h4 itemprop=\"name\" class=\"qodef-e-title entry-title\" >\n\t<a itemprop=\"url\" class=\"qodef-e-title-link\" href=\"https:\/\/taaeatea.net\/index.php\/event-item\/unidad-a-traves-del-diseno-la-colaboracion-en-el-diseno-del-pabellon\/\">\n\t\tUnidad a trav\u00e9s del dise\u00f1o: la colaboraci\u00f3n en el dise\u00f1o del pabell\u00f3n\t<\/a>\n<\/h4>\n            <\/div>\n            \t\t<div class=\"qodef-e qodef-info--event-types\">\n\t\t\t\t\t\t\t<a itemprop=\"url\" class=\"qodef-e-info-content-link\" href=\"https:\/\/taaeatea.net\/index.php\/event-types\/eventos\/\">eventos<\/a>\n\t\t\t\t\t<\/div>\n\t        <\/div>\n\t<\/div>\n<\/div>\n<div class=\"qodef-e qodef-grid-item  \">\n\t<div class=\"qodef-e-inner\">\n\t\t<div class=\"qodef-e-info\">\n\t\t\t\t<span class=\"qodef-e-date-info\">\n\t\t\n\t\t\t\t\t<span class=\"qodef-e-date qodef-e-end\">\n\t\t\t12. Apr. 2024\t\t<\/span>\n\t\t\t<\/span>\n\t\t\t\t\t\t\t\t<\/div>\n\t\t\t<div class=\"qodef-e-media-image\">\n\t\t<a itemprop=\"url\" href=\"https:\/\/taaeatea.net\/index.php\/event-item\/reimaginando-la-region-fronteriza\/\" class=\"qodef-e-event-image-link\">\n\t\t\t<img decoding=\"async\" width=\"1751\" height=\"1167\" src=\"https:\/\/taaeatea.net\/wp-content\/uploads\/2024\/09\/REMAGINIG.webp\" class=\"attachment-full size-full\" alt=\"\" srcset=\"https:\/\/taaeatea.net\/wp-content\/uploads\/2024\/09\/REMAGINIG.webp 1751w, https:\/\/taaeatea.net\/wp-content\/uploads\/2024\/09\/REMAGINIG-300x200.webp 300w, https:\/\/taaeatea.net\/wp-content\/uploads\/2024\/09\/REMAGINIG-1024x682.webp 1024w, https:\/\/taaeatea.net\/wp-content\/uploads\/2024\/09\/REMAGINIG-768x512.webp 768w, https:\/\/taaeatea.net\/wp-content\/uploads\/2024\/09\/REMAGINIG-1536x1024.webp 1536w, https:\/\/taaeatea.net\/wp-content\/uploads\/2024\/09\/REMAGINIG-600x400.webp 600w\" sizes=\"(max-width: 1751px) 100vw, 1751px\" \/>\t\t<\/a>\n\t<\/div>\n\t\t<div class=\"qodef-e-event-list-bottom-holder\">\n            <div class=\"qodef-e-heading\">\n                <h4 itemprop=\"name\" class=\"qodef-e-title entry-title\" >\n\t<a itemprop=\"url\" class=\"qodef-e-title-link\" href=\"https:\/\/taaeatea.net\/index.php\/event-item\/reimaginando-la-region-fronteriza\/\">\n\t\tReimaginando la regi\u00f3n fronteriza\t<\/a>\n<\/h4>\n            <\/div>\n            \t\t<div class=\"qodef-e qodef-info--event-types\">\n\t\t\t\t\t\t\t<a itemprop=\"url\" class=\"qodef-e-info-content-link\" href=\"https:\/\/taaeatea.net\/index.php\/event-types\/eventos\/\">eventos<\/a>\n\t\t\t\t\t<\/div>\n\t        <\/div>\n\t<\/div>\n<\/div>\n<div class=\"qodef-e qodef-grid-item  \">\n\t<div class=\"qodef-e-inner\">\n\t\t<div class=\"qodef-e-info\">\n\t\t\t\t<span class=\"qodef-e-date-info\">\n\t\t\t\t<span class=\"qodef-e-date qodef-e-start\">\n\t\t\t02. Oct\t\t<\/span>\n\t\t\n\t\t\t\t\t<span class=\"qodef-e-date qodef-e-end\">\n\t\t\t06. Oct. 2023\t\t<\/span>\n\t\t\t<\/span>\n\t\t\t\t\t\t\t\t<\/div>\n\t\t\t<div class=\"qodef-e-media-image\">\n\t\t<a itemprop=\"url\" href=\"https:\/\/taaeatea.net\/index.php\/event-item\/1er-encuentro-transfronterizo-de-escuelas-de-arquitectura-san-diego-tijuana\/\" class=\"qodef-e-event-image-link\">\n\t\t\t<img loading=\"lazy\" decoding=\"async\" width=\"1751\" height=\"1167\" src=\"https:\/\/taaeatea.net\/wp-content\/uploads\/2024\/09\/CROSS-BORDER.webp\" class=\"attachment-full size-full\" alt=\"\" srcset=\"https:\/\/taaeatea.net\/wp-content\/uploads\/2024\/09\/CROSS-BORDER.webp 1751w, https:\/\/taaeatea.net\/wp-content\/uploads\/2024\/09\/CROSS-BORDER-300x200.webp 300w, https:\/\/taaeatea.net\/wp-content\/uploads\/2024\/09\/CROSS-BORDER-1024x682.webp 1024w, https:\/\/taaeatea.net\/wp-content\/uploads\/2024\/09\/CROSS-BORDER-768x512.webp 768w, https:\/\/taaeatea.net\/wp-content\/uploads\/2024\/09\/CROSS-BORDER-1536x1024.webp 1536w, https:\/\/taaeatea.net\/wp-content\/uploads\/2024\/09\/CROSS-BORDER-600x400.webp 600w\" sizes=\"(max-width: 1751px) 100vw, 1751px\" \/>\t\t<\/a>\n\t<\/div>\n\t\t<div class=\"qodef-e-event-list-bottom-holder\">\n            <div class=\"qodef-e-heading\">\n                <h4 itemprop=\"name\" class=\"qodef-e-title entry-title\" >\n\t<a itemprop=\"url\" class=\"qodef-e-title-link\" href=\"https:\/\/taaeatea.net\/index.php\/event-item\/1er-encuentro-transfronterizo-de-escuelas-de-arquitectura-san-diego-tijuana\/\">\n\t\t1er Encuentro Transfronterizo de Escuelas de Arquitectura San Diego-Tijuana\t<\/a>\n<\/h4>\n            <\/div>\n            \t\t<div class=\"qodef-e qodef-info--event-types\">\n\t\t\t\t\t\t\t<a itemprop=\"url\" class=\"qodef-e-info-content-link\" href=\"https:\/\/taaeatea.net\/index.php\/event-types\/eventos\/\">eventos<\/a>\n\t\t\t\t\t<\/div>\n\t        <\/div>\n\t<\/div>\n<\/div>\n<div class=\"qodef-e qodef-grid-item  \">\n\t<div class=\"qodef-e-inner\">\n\t\t<div class=\"qodef-e-info\">\n\t\t\t\t<span class=\"qodef-e-date-info\">\n\t\t\t\t<span class=\"qodef-e-date qodef-e-start\">\n\t\t\t24. Oct\t\t<\/span>\n\t\t\n\t\t\t\t\t<span class=\"qodef-e-date qodef-e-end\">\n\t\t\t25. Oct. 2024\t\t<\/span>\n\t\t\t<\/span>\n\t\t\t\t\t\t\t\t<\/div>\n\t\t\t<div class=\"qodef-e-media-image\">\n\t\t<a itemprop=\"url\" href=\"https:\/\/taaeatea.net\/index.php\/event-item\/horizontes-convergentes-es\/\" class=\"qodef-e-event-image-link\">\n\t\t\t<img loading=\"lazy\" decoding=\"async\" width=\"2500\" height=\"1666\" src=\"https:\/\/taaeatea.net\/wp-content\/uploads\/2024\/09\/balboapark112_SK1_0423-edit-1.webp\" class=\"attachment-full size-full\" alt=\"\" srcset=\"https:\/\/taaeatea.net\/wp-content\/uploads\/2024\/09\/balboapark112_SK1_0423-edit-1.webp 2500w, https:\/\/taaeatea.net\/wp-content\/uploads\/2024\/09\/balboapark112_SK1_0423-edit-1-300x200.webp 300w, https:\/\/taaeatea.net\/wp-content\/uploads\/2024\/09\/balboapark112_SK1_0423-edit-1-1024x682.webp 1024w, https:\/\/taaeatea.net\/wp-content\/uploads\/2024\/09\/balboapark112_SK1_0423-edit-1-768x512.webp 768w, https:\/\/taaeatea.net\/wp-content\/uploads\/2024\/09\/balboapark112_SK1_0423-edit-1-1536x1024.webp 1536w, https:\/\/taaeatea.net\/wp-content\/uploads\/2024\/09\/balboapark112_SK1_0423-edit-1-2048x1365.webp 2048w, https:\/\/taaeatea.net\/wp-content\/uploads\/2024\/09\/balboapark112_SK1_0423-edit-1-600x400.webp 600w\" sizes=\"(max-width: 2500px) 100vw, 2500px\" \/>\t\t<\/a>\n\t<\/div>\n\t\t<div class=\"qodef-e-event-list-bottom-holder\">\n            <div class=\"qodef-e-heading\">\n                <h4 itemprop=\"name\" class=\"qodef-e-title entry-title\" >\n\t<a itemprop=\"url\" class=\"qodef-e-title-link\" href=\"https:\/\/taaeatea.net\/index.php\/event-item\/horizontes-convergentes-es\/\">\n\t\tHorizontes convergentes\t<\/a>\n<\/h4>\n            <\/div>\n            \t\t<div class=\"qodef-e qodef-info--event-types\">\n\t\t\t\t\t\t\t<a itemprop=\"url\" class=\"qodef-e-info-content-link\" href=\"https:\/\/taaeatea.net\/index.php\/event-types\/eventos\/\">eventos<\/a>\n\t\t\t\t\t<\/div>\n\t        <\/div>\n\t<\/div>\n<\/div>\n\t<\/div>\n\t<\/div>\n\t\t\t\t<\/div>\n\t\t\t\t<\/div>\n\t\t\t\t\t<\/div>\n\t\t<\/div>\n\t\t\t\t\t<\/div>\n\t\t<\/section>\n\t\t\t\t<\/div>\n\t\t","protected":false},"excerpt":{"rendered":"<p>19. Jan. 2024 Reimaginando el Centro C\u00edvico eventos 23. May 29. Jul. 2024 Unidad a trav\u00e9s del dise\u00f1o: la colaboraci\u00f3n en el dise\u00f1o del pabell\u00f3n eventos 12. Apr. 2024 Reimaginando la regi\u00f3n fronteriza eventos 02. Oct 06. Oct. 2023 1er Encuentro Transfronterizo de Escuelas de Arquitectura San Diego-Tijuana eventos<\/p>\n","protected":false},"author":1,"featured_media":0,"parent":0,"menu_order":0,"comment_status":"closed","ping_status":"closed","template":"page-full-width.php","meta":{"footnotes":""},"class_list":["post-7552","page","type-page","status-publish","hentry"],"_links":{"self":[{"href":"https:\/\/taaeatea.net\/index.php\/wp-json\/wp\/v2\/pages\/7552","targetHints":{"allow":["GET"]}}],"collection":[{"href":"https:\/\/taaeatea.net\/index.php\/wp-json\/wp\/v2\/pages"}],"about":[{"href":"https:\/\/taaeatea.net\/index.php\/wp-json\/wp\/v2\/types\/page"}],"author":[{"embeddable":true,"href":"https:\/\/taaeatea.net\/index.php\/wp-json\/wp\/v2\/users\/1"}],"replies":[{"embeddable":true,"href":"https:\/\/taaeatea.net\/index.php\/wp-json\/wp\/v2\/comments?post=7552"}],"version-history":[{"count":7,"href":"https:\/\/taaeatea.net\/index.php\/wp-json\/wp\/v2\/pages\/7552\/revisions"}],"predecessor-version":[{"id":7615,"href":"https:\/\/taaeatea.net\/index.php\/wp-json\/wp\/v2\/pages\/7552\/revisions\/7615"}],"wp:attachment":[{"href":"https:\/\/taaeatea.net\/index.php\/wp-json\/wp\/v2\/media?parent=7552"}],"curies":[{"name":"wp","href":"https:\/\/api.w.org\/{rel}","templated":true}]}}